{"id":129,"date":"2026-02-10T15:29:12","date_gmt":"2026-02-10T14:29:12","guid":{"rendered":"https:\/\/meetinggoetz.at\/?page_id=129"},"modified":"2026-03-16T15:32:41","modified_gmt":"2026-03-16T14:32:41","slug":"credits","status":"publish","type":"page","link":"https:\/\/meetinggoetz.at\/en\/credits\/","title":{"rendered":"Credits"},"content":{"rendered":"<div data-elementor-type=\"wp-page\" data-elementor-id=\"129\" class=\"elementor elementor-129\">\n\t\t\t\t<div class=\"elementor-element elementor-element-255c572 e-flex e-con-boxed e-con e-parent\" data-id=\"255c572\" data-element_type=\"container\" data-e-type=\"container\">\n\t\t\t\t\t<div class=\"e-con-inner\">\n\t\t\t\t<div class=\"elementor-element elementor-element-7882baa elementor-widget elementor-widget-spacer\" data-id=\"7882baa\" data-element_type=\"widget\" data-e-type=\"widget\" data-widget_type=\"spacer.default\">\n\t\t\t\t\t\t\t<div class=\"elementor-spacer\">\n\t\t\t<div class=\"elementor-spacer-inner\"><\/div>\n\t\t<\/div>\n\t\t\t\t\t\t<\/div>\n\t\t\t\t\t<\/div>\n\t\t\t\t<\/div>\n\t\t<div class=\"elementor-element elementor-element-9f24665 e-flex e-con-boxed e-con e-parent\" data-id=\"9f24665\" data-element_type=\"container\" data-e-type=\"container\">\n\t\t\t\t\t<div class=\"e-con-inner\">\n\t\t\t\t<div class=\"elementor-element elementor-element-d2e126c elementor-widget elementor-widget-heading\" data-id=\"d2e126c\" data-element_type=\"widget\" data-e-type=\"widget\" data-widget_type=\"heading.default\">\n\t\t\t\t\t<h2 class=\"elementor-heading-title elementor-size-default\">Credits<\/h2>\t\t\t\t<\/div>\n\t\t\t\t\t<\/div>\n\t\t\t\t<\/div>\n\t\t<div class=\"elementor-element elementor-element-6f12a3d e-flex e-con-boxed e-con e-parent\" data-id=\"6f12a3d\" data-element_type=\"container\" data-e-type=\"container\">\n\t\t\t\t\t<div class=\"e-con-inner\">\n\t\t\t\t<div class=\"elementor-element elementor-element-abc285f elementor-widget elementor-widget-text-editor\" data-id=\"abc285f\" data-element_type=\"widget\" data-e-type=\"widget\" data-widget_type=\"text-editor.default\">\n\t\t\t\t\t\t\t\t\t<p><i>A film by:<\/i><\/p><p><i><strong>GREGOR CENTNER &amp; BIRGIT BERGMANN<\/strong><\/i><\/p><p><i>With:<\/i><\/p><p><i><strong>G\u00d6TZ KUBITSCHEK<\/strong><\/i><\/p><p><i>Direction, production, concept, <\/i><i style=\"font-weight: inherit;\">Camera, <\/i><i style=\"font-weight: inherit;\">Sound:<\/i><\/p><p><i style=\"font-weight: inherit;\"><strong>GREGOR CENTNER\u00a0<\/strong><\/i><\/p><p><i>Co-director, dramaturgy,<\/i><i>Cut:<\/i><\/p><p><i><strong>BIRGIT BERGMANN<br \/><\/strong><\/i><i>Sound design and mixing:<\/i><\/p><p><strong><i>SERGEY MARTYNYUK<\/i><\/strong><\/p><p><i>Sound design assistance:<\/i><\/p><p><strong><i> ANTON VERTIPOLOKH<br \/><\/i><\/strong><i>Sound mixing:<\/i><\/p><p><strong><i>NILS KIRCHHOFF<br \/><\/i><\/strong><i>Creative &amp; Production <\/i><i>Support:<\/i><\/p><p><i><strong>OLIVER WERANI<\/strong><\/i><\/p><p><em>Homepage:<\/em><\/p><p><strong><em>MARKUS BERGMANN<\/em><\/strong><\/p>\t\t\t\t\t\t\t\t<\/div>\n\t\t\t\t\t<\/div>\n\t\t\t\t<\/div>\n\t\t\t\t<\/div>","protected":false},"excerpt":{"rendered":"<p>Credits Ein Film von: GREGOR CENTNER &amp; BIRGIT BERGMANN Mit: G\u00d6TZ KUBITSCHEK Regie, Produktion, Konzept, Kamera, Ton: GREGOR CENTNER\u00a0 Co-Regie, [&hellip;]<\/p>\n","protected":false},"author":2,"featured_media":0,"parent":0,"menu_order":0,"comment_status":"closed","ping_status":"closed","template":"","meta":{"site-sidebar-layout":"no-sidebar","site-content-layout":"","ast-site-content-layout":"full-width-container","site-content-style":"default","site-sidebar-style":"default","ast-global-header-display":"","ast-banner-title-visibility":"","ast-main-header-display":"","ast-hfb-above-header-display":"","ast-hfb-below-header-display":"","ast-hfb-mobile-header-display":"","site-post-title":"disabled","ast-breadcrumbs-content":"","ast-featured-img":"disabled","footer-sml-layout":"","ast-disable-related-posts":"","theme-transparent-header-meta":"","adv-header-id-meta":"","stick-header-meta":"","header-above-stick-meta":"","header-main-stick-meta":"","header-below-stick-meta":"","astra-migrate-meta-layouts":"default","ast-page-background-enabled":"default","ast-page-background-meta":{"desktop":{"background-color":"var(--ast-global-color-5)","background-image":"","background-repeat":"repeat","background-position":"center center","background-size":"auto","background-attachment":"scroll","background-type":"","background-media":"","overlay-type":"","overlay-color":"","overlay-opacity":"","overlay-gradient":""},"tablet":{"background-color":"","background-image":"","background-repeat":"repeat","background-position":"center center","background-size":"auto","background-attachment":"scroll","background-type":"","background-media":"","overlay-type":"","overlay-color":"","overlay-opacity":"","overlay-gradient":""},"mobile":{"background-color":"","background-image":"","background-repeat":"repeat","background-position":"center center","background-size":"auto","background-attachment":"scroll","background-type":"","background-media":"","overlay-type":"","overlay-color":"","overlay-opacity":"","overlay-gradient":""}},"ast-content-background-meta":{"desktop":{"background-color":"var(--ast-global-color-4)","background-image":"","background-repeat":"repeat","background-position":"center center","background-size":"auto","background-attachment":"scroll","background-type":"","background-media":"","overlay-type":"","overlay-color":"","overlay-opacity":"","overlay-gradient":""},"tablet":{"background-color":"var(--ast-global-color-4)","background-image":"","background-repeat":"repeat","background-position":"center center","background-size":"auto","background-attachment":"scroll","background-type":"","background-media":"","overlay-type":"","overlay-color":"","overlay-opacity":"","overlay-gradient":""},"mobile":{"background-color":"var(--ast-global-color-4)","background-image":"","background-repeat":"repeat","background-position":"center center","background-size":"auto","background-attachment":"scroll","background-type":"","background-media":"","overlay-type":"","overlay-color":"","overlay-opacity":"","overlay-gradient":""}},"iawp_total_views":952,"footnotes":""},"class_list":["post-129","page","type-page","status-publish","hentry"],"yoast_head":"<!-- This site is optimized with the Yoast SEO Premium plugin v27.0 (Yoast SEO v27.0) - https:\/\/yoast.com\/product\/yoast-seo-premium-wordpress\/ -->\n<title>Film Credits \u2013 MEETING G\u00d6TZ<\/title>\n<meta name=\"description\" content=\"Credits zum Film von Gregor Centner und Birgit Bergmann mit G\u00f6tz Kubitschek. Das Filmteam und die Mitwirkenden im \u00dcberblick.\" \/>\n<meta name=\"robots\" content=\"index, follow, max-snippet:-1, max-image-preview:large, max-video-preview:-1\" \/>\n<link rel=\"canonical\" href=\"https:\/\/meetinggoetz.at\/en\/credits\/\" \/>\n<meta property=\"og:locale\" content=\"en_GB\" \/>\n<meta property=\"og:type\" content=\"article\" \/>\n<meta property=\"og:title\" content=\"Credits\" \/>\n<meta property=\"og:description\" content=\"Credits zum Film von Gregor Centner und Birgit Bergmann mit G\u00f6tz Kubitschek. Das Filmteam und die Mitwirkenden im \u00dcberblick.\" \/>\n<meta property=\"og:url\" content=\"https:\/\/meetinggoetz.at\/en\/credits\/\" \/>\n<meta property=\"og:site_name\" content=\"MEETING G\u00d6TZ\" \/>\n<meta property=\"article:modified_time\" content=\"2026-03-16T14:32:41+00:00\" \/>\n<meta name=\"twitter:card\" content=\"summary_large_image\" \/>\n<meta name=\"twitter:label1\" content=\"Estimated reading time\" \/>\n\t<meta name=\"twitter:data1\" content=\"1 minute\" \/>\n<script type=\"application\/ld+json\" class=\"yoast-schema-graph\">{\"@context\":\"https:\/\/schema.org\",\"@graph\":[{\"@type\":\"WebPage\",\"@id\":\"https:\/\/meetinggoetz.at\/credits\/\",\"url\":\"https:\/\/meetinggoetz.at\/credits\/\",\"name\":\"Film Credits \u2013 MEETING G\u00d6TZ\",\"isPartOf\":{\"@id\":\"https:\/\/meetinggoetz.at\/#website\"},\"datePublished\":\"2026-02-10T14:29:12+00:00\",\"dateModified\":\"2026-03-16T14:32:41+00:00\",\"description\":\"Credits zum Film von Gregor Centner und Birgit Bergmann mit G\u00f6tz Kubitschek. Das Filmteam und die Mitwirkenden im \u00dcberblick.\",\"breadcrumb\":{\"@id\":\"https:\/\/meetinggoetz.at\/credits\/#breadcrumb\"},\"inLanguage\":\"en-GB\",\"potentialAction\":[{\"@type\":\"ReadAction\",\"target\":[\"https:\/\/meetinggoetz.at\/credits\/\"]}]},{\"@type\":\"BreadcrumbList\",\"@id\":\"https:\/\/meetinggoetz.at\/credits\/#breadcrumb\",\"itemListElement\":[{\"@type\":\"ListItem\",\"position\":1,\"name\":\"Start\",\"item\":\"https:\/\/meetinggoetz.at\/\"},{\"@type\":\"ListItem\",\"position\":2,\"name\":\"Credits\"}]},{\"@type\":\"WebSite\",\"@id\":\"https:\/\/meetinggoetz.at\/#website\",\"url\":\"https:\/\/meetinggoetz.at\/\",\"name\":\"MEETING G\u00d6TZ\",\"description\":\"\",\"publisher\":{\"@id\":\"https:\/\/meetinggoetz.at\/#organization\"},\"potentialAction\":[{\"@type\":\"SearchAction\",\"target\":{\"@type\":\"EntryPoint\",\"urlTemplate\":\"https:\/\/meetinggoetz.at\/?s={search_term_string}\"},\"query-input\":{\"@type\":\"PropertyValueSpecification\",\"valueRequired\":true,\"valueName\":\"search_term_string\"}}],\"inLanguage\":\"en-GB\"},{\"@type\":\"Organization\",\"@id\":\"https:\/\/meetinggoetz.at\/#organization\",\"name\":\"MEETING G\u00d6TZ\",\"url\":\"https:\/\/meetinggoetz.at\/\",\"logo\":{\"@type\":\"ImageObject\",\"inLanguage\":\"en-GB\",\"@id\":\"https:\/\/meetinggoetz.at\/#\/schema\/logo\/image\/\",\"url\":\"https:\/\/meetinggoetz.at\/wp-content\/uploads\/2026\/02\/cropped-meeting-goetz-scaled-1.png\",\"contentUrl\":\"https:\/\/meetinggoetz.at\/wp-content\/uploads\/2026\/02\/cropped-meeting-goetz-scaled-1.png\",\"width\":512,\"height\":512,\"caption\":\"MEETING G\u00d6TZ\"},\"image\":{\"@id\":\"https:\/\/meetinggoetz.at\/#\/schema\/logo\/image\/\"},\"sameAs\":[\"https:\/\/www.instagram.com\/feinstaubfilm\/\"]}]}<\/script>\n<!-- \/ Yoast SEO Premium plugin. -->","yoast_head_json":{"title":"Film Credits \u2013 MEETING G\u00d6TZ","description":"Credits zum Film von Gregor Centner und Birgit Bergmann mit G\u00f6tz Kubitschek. Das Filmteam und die Mitwirkenden im \u00dcberblick.","robots":{"index":"index","follow":"follow","max-snippet":"max-snippet:-1","max-image-preview":"max-image-preview:large","max-video-preview":"max-video-preview:-1"},"canonical":"https:\/\/meetinggoetz.at\/en\/credits\/","og_locale":"en_GB","og_type":"article","og_title":"Credits","og_description":"Credits zum Film von Gregor Centner und Birgit Bergmann mit G\u00f6tz Kubitschek. Das Filmteam und die Mitwirkenden im \u00dcberblick.","og_url":"https:\/\/meetinggoetz.at\/en\/credits\/","og_site_name":"MEETING G\u00d6TZ","article_modified_time":"2026-03-16T14:32:41+00:00","twitter_card":"summary_large_image","twitter_misc":{"Estimated reading time":"1 minute"},"schema":{"@context":"https:\/\/schema.org","@graph":[{"@type":"WebPage","@id":"https:\/\/meetinggoetz.at\/credits\/","url":"https:\/\/meetinggoetz.at\/credits\/","name":"Film Credits \u2013 MEETING G\u00d6TZ","isPartOf":{"@id":"https:\/\/meetinggoetz.at\/#website"},"datePublished":"2026-02-10T14:29:12+00:00","dateModified":"2026-03-16T14:32:41+00:00","description":"Credits zum Film von Gregor Centner und Birgit Bergmann mit G\u00f6tz Kubitschek. Das Filmteam und die Mitwirkenden im \u00dcberblick.","breadcrumb":{"@id":"https:\/\/meetinggoetz.at\/credits\/#breadcrumb"},"inLanguage":"en-GB","potentialAction":[{"@type":"ReadAction","target":["https:\/\/meetinggoetz.at\/credits\/"]}]},{"@type":"BreadcrumbList","@id":"https:\/\/meetinggoetz.at\/credits\/#breadcrumb","itemListElement":[{"@type":"ListItem","position":1,"name":"Start","item":"https:\/\/meetinggoetz.at\/"},{"@type":"ListItem","position":2,"name":"Credits"}]},{"@type":"WebSite","@id":"https:\/\/meetinggoetz.at\/#website","url":"https:\/\/meetinggoetz.at\/","name":"MEETING G\u00d6TZ","description":"","publisher":{"@id":"https:\/\/meetinggoetz.at\/#organization"},"potentialAction":[{"@type":"SearchAction","target":{"@type":"EntryPoint","urlTemplate":"https:\/\/meetinggoetz.at\/?s={search_term_string}"},"query-input":{"@type":"PropertyValueSpecification","valueRequired":true,"valueName":"search_term_string"}}],"inLanguage":"en-GB"},{"@type":"Organization","@id":"https:\/\/meetinggoetz.at\/#organization","name":"MEETING G\u00d6TZ","url":"https:\/\/meetinggoetz.at\/","logo":{"@type":"ImageObject","inLanguage":"en-GB","@id":"https:\/\/meetinggoetz.at\/#\/schema\/logo\/image\/","url":"https:\/\/meetinggoetz.at\/wp-content\/uploads\/2026\/02\/cropped-meeting-goetz-scaled-1.png","contentUrl":"https:\/\/meetinggoetz.at\/wp-content\/uploads\/2026\/02\/cropped-meeting-goetz-scaled-1.png","width":512,"height":512,"caption":"MEETING G\u00d6TZ"},"image":{"@id":"https:\/\/meetinggoetz.at\/#\/schema\/logo\/image\/"},"sameAs":["https:\/\/www.instagram.com\/feinstaubfilm\/"]}]}},"_links":{"self":[{"href":"https:\/\/meetinggoetz.at\/en\/wp-json\/wp\/v2\/pages\/129","targetHints":{"allow":["GET"]}}],"collection":[{"href":"https:\/\/meetinggoetz.at\/en\/wp-json\/wp\/v2\/pages"}],"about":[{"href":"https:\/\/meetinggoetz.at\/en\/wp-json\/wp\/v2\/types\/page"}],"author":[{"embeddable":true,"href":"https:\/\/meetinggoetz.at\/en\/wp-json\/wp\/v2\/users\/2"}],"replies":[{"embeddable":true,"href":"https:\/\/meetinggoetz.at\/en\/wp-json\/wp\/v2\/comments?post=129"}],"version-history":[{"count":70,"href":"https:\/\/meetinggoetz.at\/en\/wp-json\/wp\/v2\/pages\/129\/revisions"}],"predecessor-version":[{"id":544,"href":"https:\/\/meetinggoetz.at\/en\/wp-json\/wp\/v2\/pages\/129\/revisions\/544"}],"wp:attachment":[{"href":"https:\/\/meetinggoetz.at\/en\/wp-json\/wp\/v2\/media?parent=129"}],"curies":[{"name":"wp","href":"https:\/\/api.w.org\/{rel}","templated":true}]}}