{"id":119,"date":"2026-02-10T15:22:09","date_gmt":"2026-02-10T14:22:09","guid":{"rendered":"https:\/\/meetinggoetz.at\/?page_id=119"},"modified":"2026-03-05T08:29:03","modified_gmt":"2026-03-05T07:29:03","slug":"synopsis","status":"publish","type":"page","link":"https:\/\/meetinggoetz.at\/en\/synopsis\/","title":{"rendered":"Synopsis"},"content":{"rendered":"<div data-elementor-type=\"wp-page\" data-elementor-id=\"119\" class=\"elementor elementor-119\">\n\t\t\t\t<div class=\"elementor-element elementor-element-ea5388d e-flex e-con-boxed e-con e-parent\" data-id=\"ea5388d\" data-element_type=\"container\" data-e-type=\"container\">\n\t\t\t\t\t<div class=\"e-con-inner\">\n\t\t\t\t<div class=\"elementor-element elementor-element-700ba27 elementor-widget elementor-widget-spacer\" data-id=\"700ba27\" data-element_type=\"widget\" data-e-type=\"widget\" data-widget_type=\"spacer.default\">\n\t\t\t\t\t\t\t<div class=\"elementor-spacer\">\n\t\t\t<div class=\"elementor-spacer-inner\"><\/div>\n\t\t<\/div>\n\t\t\t\t\t\t<\/div>\n\t\t\t\t<div class=\"elementor-element elementor-element-474c47e elementor-widget elementor-widget-text-editor\" data-id=\"474c47e\" data-element_type=\"widget\" data-e-type=\"widget\" data-widget_type=\"text-editor.default\">\n\t\t\t\t\t\t\t\t\t<div><strong>G\u00f6tz Kubitschek calls himself a right-wing conservative.<\/strong><\/div><div><strong>Others call him a right-wing extremist.<\/strong><\/div><div><strong>He is an author, publisher and intellectual leader <\/strong><\/div><div><strong>of the New Right.<\/strong><\/div><div><strong>And above all one thing: German.<\/strong><\/div><div>\u00a0<\/div><div><strong>Gregor Centner knows him from the old days.<\/strong><\/div><div><strong>Same school, same village, even the same street.<\/strong><\/div><div>\u00a0<\/div><div><strong>2020: contact is established. The idea: a film.<\/strong><\/div><div><strong>There are concerns on both sides,<\/strong><\/div><div><strong> then hesitant agreement. \u00a0<\/strong><\/div><div><strong>Then five years of slow-paced dialogue.\u00a0<\/strong><\/div><div><strong>Exchange of ideas about home, nation<\/strong><\/div><div><strong> and a shared past.<\/strong><\/div><div><strong>Dictation tapes are replaced, <\/strong><\/div><div><strong>analogue and by post.\u00a0<\/strong><\/div><div>\u00a0<\/div><div><strong>The logical consequence: a personal encounter.<\/strong><\/div><div><strong>A visit to their shared school , their shared  home- village.<\/strong><\/div><div><strong>Return after 30 years.<\/strong><\/div><div>\u00a0<\/div><div><strong>The approach to a \"persona non grata.\"<\/strong><\/div><div>\u00a0<\/div><div><strong>And the open question:<\/strong><\/div><div><strong>Are you allowed to make this film?<\/strong><\/div><p>\u00a0<\/p>\t\t\t\t\t\t\t\t<\/div>\n\t\t\t\t\t<\/div>\n\t\t\t\t<\/div>\n\t\t\t\t<\/div>","protected":false},"excerpt":{"rendered":"<p>G\u00f6tz Kubitschek ist rechtskonservativ, sagt er.Rechtsextrem, sagen andere.Er ist Autor, Verleger und Vordenker der Neuen Rechten.Und vor allem eins: Deutscher.\u00a0Gregor [&hellip;]<\/p>\n","protected":false},"author":2,"featured_media":0,"parent":0,"menu_order":0,"comment_status":"closed","ping_status":"closed","template":"","meta":{"site-sidebar-layout":"no-sidebar","site-content-layout":"","ast-site-content-layout":"full-width-container","site-content-style":"default","site-sidebar-style":"default","ast-global-header-display":"","ast-banner-title-visibility":"","ast-main-header-display":"","ast-hfb-above-header-display":"","ast-hfb-below-header-display":"","ast-hfb-mobile-header-display":"","site-post-title":"disabled","ast-breadcrumbs-content":"","ast-featured-img":"disabled","footer-sml-layout":"","ast-disable-related-posts":"","theme-transparent-header-meta":"","adv-header-id-meta":"","stick-header-meta":"","header-above-stick-meta":"","header-main-stick-meta":"","header-below-stick-meta":"","astra-migrate-meta-layouts":"default","ast-page-background-enabled":"default","ast-page-background-meta":{"desktop":{"background-color":"var(--ast-global-color-5)","background-image":"","background-repeat":"repeat","background-position":"center center","background-size":"auto","background-attachment":"scroll","background-type":"","background-media":"","overlay-type":"","overlay-color":"","overlay-opacity":"","overlay-gradient":""},"tablet":{"background-color":"","background-image":"","background-repeat":"repeat","background-position":"center center","background-size":"auto","background-attachment":"scroll","background-type":"","background-media":"","overlay-type":"","overlay-color":"","overlay-opacity":"","overlay-gradient":""},"mobile":{"background-color":"","background-image":"","background-repeat":"repeat","background-position":"center center","background-size":"auto","background-attachment":"scroll","background-type":"","background-media":"","overlay-type":"","overlay-color":"","overlay-opacity":"","overlay-gradient":""}},"ast-content-background-meta":{"desktop":{"background-color":"var(--ast-global-color-4)","background-image":"","background-repeat":"repeat","background-position":"center center","background-size":"auto","background-attachment":"scroll","background-type":"","background-media":"","overlay-type":"","overlay-color":"","overlay-opacity":"","overlay-gradient":""},"tablet":{"background-color":"var(--ast-global-color-4)","background-image":"","background-repeat":"repeat","background-position":"center center","background-size":"auto","background-attachment":"scroll","background-type":"","background-media":"","overlay-type":"","overlay-color":"","overlay-opacity":"","overlay-gradient":""},"mobile":{"background-color":"var(--ast-global-color-4)","background-image":"","background-repeat":"repeat","background-position":"center center","background-size":"auto","background-attachment":"scroll","background-type":"","background-media":"","overlay-type":"","overlay-color":"","overlay-opacity":"","overlay-gradient":""}},"iawp_total_views":1936,"footnotes":""},"class_list":["post-119","page","type-page","status-publish","hentry"],"yoast_head":"<!-- This site is optimized with the Yoast SEO Premium plugin v27.0 (Yoast SEO v27.0) - https:\/\/yoast.com\/product\/yoast-seo-premium-wordpress\/ -->\n<title>Synopsis - MEETING G\u00d6TZ<\/title>\n<meta name=\"description\" content=\"Dokumentarfilm \u00fcber eine pers\u00f6nliche Begegnung mit G\u00f6tz Kubitschek. Ein f\u00fcnfj\u00e4hriger Dialog \u00fcber Heimat, Nation und gemeinsame Vergangenheit.\" \/>\n<meta name=\"robots\" content=\"index, follow, max-snippet:-1, max-image-preview:large, max-video-preview:-1\" \/>\n<link rel=\"canonical\" href=\"https:\/\/meetinggoetz.at\/en\/synopsis\/\" \/>\n<meta property=\"og:locale\" content=\"en_GB\" \/>\n<meta property=\"og:type\" content=\"article\" \/>\n<meta property=\"og:title\" content=\"Synopsis\" \/>\n<meta property=\"og:description\" content=\"Dokumentarfilm \u00fcber eine pers\u00f6nliche Begegnung mit G\u00f6tz Kubitschek. Ein f\u00fcnfj\u00e4hriger Dialog \u00fcber Heimat, Nation und gemeinsame Vergangenheit.\" \/>\n<meta property=\"og:url\" content=\"https:\/\/meetinggoetz.at\/en\/synopsis\/\" \/>\n<meta property=\"og:site_name\" content=\"MEETING G\u00d6TZ\" \/>\n<meta property=\"article:modified_time\" content=\"2026-03-05T07:29:03+00:00\" \/>\n<meta name=\"twitter:card\" content=\"summary_large_image\" \/>\n<meta name=\"twitter:label1\" content=\"Estimated reading time\" \/>\n\t<meta name=\"twitter:data1\" content=\"1 minute\" \/>\n<script type=\"application\/ld+json\" class=\"yoast-schema-graph\">{\"@context\":\"https:\/\/schema.org\",\"@graph\":[{\"@type\":\"WebPage\",\"@id\":\"https:\/\/meetinggoetz.at\/synopsis\/\",\"url\":\"https:\/\/meetinggoetz.at\/synopsis\/\",\"name\":\"Synopsis - MEETING G\u00d6TZ\",\"isPartOf\":{\"@id\":\"https:\/\/meetinggoetz.at\/#website\"},\"datePublished\":\"2026-02-10T14:22:09+00:00\",\"dateModified\":\"2026-03-05T07:29:03+00:00\",\"description\":\"Dokumentarfilm \u00fcber eine pers\u00f6nliche Begegnung mit G\u00f6tz Kubitschek. Ein f\u00fcnfj\u00e4hriger Dialog \u00fcber Heimat, Nation und gemeinsame Vergangenheit.\",\"breadcrumb\":{\"@id\":\"https:\/\/meetinggoetz.at\/synopsis\/#breadcrumb\"},\"inLanguage\":\"en-GB\",\"potentialAction\":[{\"@type\":\"ReadAction\",\"target\":[\"https:\/\/meetinggoetz.at\/synopsis\/\"]}]},{\"@type\":\"BreadcrumbList\",\"@id\":\"https:\/\/meetinggoetz.at\/synopsis\/#breadcrumb\",\"itemListElement\":[{\"@type\":\"ListItem\",\"position\":1,\"name\":\"Start\",\"item\":\"https:\/\/meetinggoetz.at\/\"},{\"@type\":\"ListItem\",\"position\":2,\"name\":\"Synopsis\"}]},{\"@type\":\"WebSite\",\"@id\":\"https:\/\/meetinggoetz.at\/#website\",\"url\":\"https:\/\/meetinggoetz.at\/\",\"name\":\"MEETING G\u00d6TZ\",\"description\":\"\",\"publisher\":{\"@id\":\"https:\/\/meetinggoetz.at\/#organization\"},\"potentialAction\":[{\"@type\":\"SearchAction\",\"target\":{\"@type\":\"EntryPoint\",\"urlTemplate\":\"https:\/\/meetinggoetz.at\/?s={search_term_string}\"},\"query-input\":{\"@type\":\"PropertyValueSpecification\",\"valueRequired\":true,\"valueName\":\"search_term_string\"}}],\"inLanguage\":\"en-GB\"},{\"@type\":\"Organization\",\"@id\":\"https:\/\/meetinggoetz.at\/#organization\",\"name\":\"MEETING G\u00d6TZ\",\"url\":\"https:\/\/meetinggoetz.at\/\",\"logo\":{\"@type\":\"ImageObject\",\"inLanguage\":\"en-GB\",\"@id\":\"https:\/\/meetinggoetz.at\/#\/schema\/logo\/image\/\",\"url\":\"https:\/\/meetinggoetz.at\/wp-content\/uploads\/2026\/02\/cropped-meeting-goetz-scaled-1.png\",\"contentUrl\":\"https:\/\/meetinggoetz.at\/wp-content\/uploads\/2026\/02\/cropped-meeting-goetz-scaled-1.png\",\"width\":512,\"height\":512,\"caption\":\"MEETING G\u00d6TZ\"},\"image\":{\"@id\":\"https:\/\/meetinggoetz.at\/#\/schema\/logo\/image\/\"},\"sameAs\":[\"https:\/\/www.instagram.com\/feinstaubfilm\/\"]}]}<\/script>\n<!-- \/ Yoast SEO Premium plugin. -->","yoast_head_json":{"title":"Synopsis - MEETING G\u00d6TZ","description":"Dokumentarfilm \u00fcber eine pers\u00f6nliche Begegnung mit G\u00f6tz Kubitschek. Ein f\u00fcnfj\u00e4hriger Dialog \u00fcber Heimat, Nation und gemeinsame Vergangenheit.","robots":{"index":"index","follow":"follow","max-snippet":"max-snippet:-1","max-image-preview":"max-image-preview:large","max-video-preview":"max-video-preview:-1"},"canonical":"https:\/\/meetinggoetz.at\/en\/synopsis\/","og_locale":"en_GB","og_type":"article","og_title":"Synopsis","og_description":"Dokumentarfilm \u00fcber eine pers\u00f6nliche Begegnung mit G\u00f6tz Kubitschek. Ein f\u00fcnfj\u00e4hriger Dialog \u00fcber Heimat, Nation und gemeinsame Vergangenheit.","og_url":"https:\/\/meetinggoetz.at\/en\/synopsis\/","og_site_name":"MEETING G\u00d6TZ","article_modified_time":"2026-03-05T07:29:03+00:00","twitter_card":"summary_large_image","twitter_misc":{"Estimated reading time":"1 minute"},"schema":{"@context":"https:\/\/schema.org","@graph":[{"@type":"WebPage","@id":"https:\/\/meetinggoetz.at\/synopsis\/","url":"https:\/\/meetinggoetz.at\/synopsis\/","name":"Synopsis - MEETING G\u00d6TZ","isPartOf":{"@id":"https:\/\/meetinggoetz.at\/#website"},"datePublished":"2026-02-10T14:22:09+00:00","dateModified":"2026-03-05T07:29:03+00:00","description":"Dokumentarfilm \u00fcber eine pers\u00f6nliche Begegnung mit G\u00f6tz Kubitschek. Ein f\u00fcnfj\u00e4hriger Dialog \u00fcber Heimat, Nation und gemeinsame Vergangenheit.","breadcrumb":{"@id":"https:\/\/meetinggoetz.at\/synopsis\/#breadcrumb"},"inLanguage":"en-GB","potentialAction":[{"@type":"ReadAction","target":["https:\/\/meetinggoetz.at\/synopsis\/"]}]},{"@type":"BreadcrumbList","@id":"https:\/\/meetinggoetz.at\/synopsis\/#breadcrumb","itemListElement":[{"@type":"ListItem","position":1,"name":"Start","item":"https:\/\/meetinggoetz.at\/"},{"@type":"ListItem","position":2,"name":"Synopsis"}]},{"@type":"WebSite","@id":"https:\/\/meetinggoetz.at\/#website","url":"https:\/\/meetinggoetz.at\/","name":"MEETING G\u00d6TZ","description":"","publisher":{"@id":"https:\/\/meetinggoetz.at\/#organization"},"potentialAction":[{"@type":"SearchAction","target":{"@type":"EntryPoint","urlTemplate":"https:\/\/meetinggoetz.at\/?s={search_term_string}"},"query-input":{"@type":"PropertyValueSpecification","valueRequired":true,"valueName":"search_term_string"}}],"inLanguage":"en-GB"},{"@type":"Organization","@id":"https:\/\/meetinggoetz.at\/#organization","name":"MEETING G\u00d6TZ","url":"https:\/\/meetinggoetz.at\/","logo":{"@type":"ImageObject","inLanguage":"en-GB","@id":"https:\/\/meetinggoetz.at\/#\/schema\/logo\/image\/","url":"https:\/\/meetinggoetz.at\/wp-content\/uploads\/2026\/02\/cropped-meeting-goetz-scaled-1.png","contentUrl":"https:\/\/meetinggoetz.at\/wp-content\/uploads\/2026\/02\/cropped-meeting-goetz-scaled-1.png","width":512,"height":512,"caption":"MEETING G\u00d6TZ"},"image":{"@id":"https:\/\/meetinggoetz.at\/#\/schema\/logo\/image\/"},"sameAs":["https:\/\/www.instagram.com\/feinstaubfilm\/"]}]}},"_links":{"self":[{"href":"https:\/\/meetinggoetz.at\/en\/wp-json\/wp\/v2\/pages\/119","targetHints":{"allow":["GET"]}}],"collection":[{"href":"https:\/\/meetinggoetz.at\/en\/wp-json\/wp\/v2\/pages"}],"about":[{"href":"https:\/\/meetinggoetz.at\/en\/wp-json\/wp\/v2\/types\/page"}],"author":[{"embeddable":true,"href":"https:\/\/meetinggoetz.at\/en\/wp-json\/wp\/v2\/users\/2"}],"replies":[{"embeddable":true,"href":"https:\/\/meetinggoetz.at\/en\/wp-json\/wp\/v2\/comments?post=119"}],"version-history":[{"count":25,"href":"https:\/\/meetinggoetz.at\/en\/wp-json\/wp\/v2\/pages\/119\/revisions"}],"predecessor-version":[{"id":426,"href":"https:\/\/meetinggoetz.at\/en\/wp-json\/wp\/v2\/pages\/119\/revisions\/426"}],"wp:attachment":[{"href":"https:\/\/meetinggoetz.at\/en\/wp-json\/wp\/v2\/media?parent=119"}],"curies":[{"name":"wp","href":"https:\/\/api.w.org\/{rel}","templated":true}]}}